{"id":103,"date":"2014-02-16T00:28:20","date_gmt":"2014-02-15T23:28:20","guid":{"rendered":"http:\/\/www.didesta.fr\/theo\/?page_id=103"},"modified":"2020-05-25T23:29:01","modified_gmt":"2020-05-25T22:29:01","slug":"contact","status":"publish","type":"page","link":"https:\/\/theodestabeaux.com\/?page_id=103","title":{"rendered":"Contact"},"content":{"rendered":"\n<div class=\"wp-block-image\"><figure class=\"aligncenter size-thumbnail\"><img decoding=\"async\" loading=\"lazy\" width=\"150\" height=\"150\" src=\"https:\/\/i0.wp.com\/www.didesta.fr\/theo\/wp-content\/uploads\/2020\/05\/Th\u00e9o35ans-150x150.png?resize=150%2C150&#038;ssl=1\" alt=\"\" class=\"wp-image-980\" srcset=\"https:\/\/i0.wp.com\/theodestabeaux.com\/wp-content\/uploads\/2020\/05\/Th\u00e9o35ans.png?resize=150%2C150&amp;ssl=1 150w, https:\/\/i0.wp.com\/theodestabeaux.com\/wp-content\/uploads\/2020\/05\/Th\u00e9o35ans.png?resize=300%2C300&amp;ssl=1 300w, https:\/\/i0.wp.com\/theodestabeaux.com\/wp-content\/uploads\/2020\/05\/Th\u00e9o35ans.png?resize=768%2C768&amp;ssl=1 768w, https:\/\/i0.wp.com\/theodestabeaux.com\/wp-content\/uploads\/2020\/05\/Th\u00e9o35ans.png?resize=800%2C800&amp;ssl=1 800w, https:\/\/i0.wp.com\/theodestabeaux.com\/wp-content\/uploads\/2020\/05\/Th\u00e9o35ans.png?resize=180%2C180&amp;ssl=1 180w, https:\/\/i0.wp.com\/theodestabeaux.com\/wp-content\/uploads\/2020\/05\/Th\u00e9o35ans.png?resize=1%2C1&amp;ssl=1 1w, https:\/\/i0.wp.com\/theodestabeaux.com\/wp-content\/uploads\/2020\/05\/Th\u00e9o35ans.png?w=971&amp;ssl=1 971w\" sizes=\"(max-width: 150px) 100vw, 150px\" data-recalc-dims=\"1\" \/><\/figure><\/div>\n\n\n<div class=\"entry-content\">\n<p>Animateur et illustrateur bas\u00e9 \u00e0 Bordeaux, je fais aussi de la micro-\u00e9dition de bandes dessin\u00e9es, recueils d&rsquo;illustrations et essais, des animations d&rsquo;ateliers p\u00e9dagogiques sur l&rsquo;apprentissage des techniques artistiques, et toute une farandole de trucs qui tournent autour de tout \u00e7a.<\/p>\n<p>Vous pourrez trouver plus d&rsquo;informations sur l&rsquo;animation, l&rsquo;illustration et l&rsquo;\u00e9dition dans les cat\u00e9gories correspondantes du porfolio, chaque production reprenant le contenu que j&rsquo;ai cr\u00e9\u00e9 et les postes que j&rsquo;ai occup\u00e9s.<\/p>\n<p>Je suis membre associ\u00e9 de la soci\u00e9t\u00e9 de production <a href=\"http:\/\/batonproduction.com\/\" target=\"_blank\" rel=\"noopener noreferrer\">B\u00e2ton<\/a> (productions audiovisuelles d&rsquo;animation, fiction et documentaire), membre du <a href=\"http:\/\/collectifsapin.fr\/\" target=\"_blank\" rel=\"noopener noreferrer\">Collectif SAPIN<\/a> (vid\u00e9os institutionnelles et clips, micro-\u00e9ditions, ateliers), et du collectif <a href=\"http:\/\/skinjackin.com\/\" target=\"_blank\" rel=\"noopener noreferrer\">Skinjackin<\/a> (body paintings, fresques). Vous pourrez trouver plus d&rsquo;informations sur ces structures ainsi que d&rsquo;autres structures et artistes partenaires sur la page des liens.<\/p>\n<p>\u00a0<\/p>\n<p><strong>Pour me contacter :<br \/><br \/><\/strong>theo.destabeaux@gmail.com<br \/>06 33 45 59 90<\/p>\n<p><strong>Mon CV :<\/strong><\/p>\n<\/div>\n\n\n<div class=\"wp-block-file\"><a href=\"https:\/\/www.didesta.fr\/theo\/wp-content\/uploads\/2020\/05\/CV_TD_2020.pdf\">CV Th\u00e9o Destabeaux 2020<\/a><a href=\"https:\/\/www.didesta.fr\/theo\/wp-content\/uploads\/2020\/05\/CV_TD_2020.pdf\" class=\"wp-block-file__button\" download>T\u00e9l\u00e9charger<\/a><\/div>\n","protected":false},"excerpt":{"rendered":"<p>Animateur et illustrateur bas\u00e9 \u00e0 Bordeaux, je fais aussi de la micro-\u00e9dition de bandes dessin\u00e9es, recueils d&rsquo;illustrations et essais, des animations d&rsquo;ateliers p\u00e9dagogiques sur l&rsquo;apprentissage des techniques artistiques, et toute une farandole de trucs qui tournent autour de tout \u00e7a. Vous pourrez trouver plus d&rsquo;informations sur l&rsquo;animation, l&rsquo;illustration et l&rsquo;\u00e9dition dans les cat\u00e9gories correspondantes du&hellip;<\/p>\n","protected":false},"author":1,"featured_media":0,"parent":0,"menu_order":0,"comment_status":"closed","ping_status":"closed","template":"","meta":{"jetpack_post_was_ever_published":false,"footnotes":""},"jetpack_sharing_enabled":true,"jetpack_shortlink":"https:\/\/wp.me\/PehX3L-1F","_links":{"self":[{"href":"https:\/\/theodestabeaux.com\/index.php?rest_route=\/wp\/v2\/pages\/103"}],"collection":[{"href":"https:\/\/theodestabeaux.com\/index.php?rest_route=\/wp\/v2\/pages"}],"about":[{"href":"https:\/\/theodestabeaux.com\/index.php?rest_route=\/wp\/v2\/types\/page"}],"author":[{"embeddable":true,"href":"https:\/\/theodestabeaux.com\/index.php?rest_route=\/wp\/v2\/users\/1"}],"replies":[{"embeddable":true,"href":"https:\/\/theodestabeaux.com\/index.php?rest_route=%2Fwp%2Fv2%2Fcomments&post=103"}],"version-history":[{"count":19,"href":"https:\/\/theodestabeaux.com\/index.php?rest_route=\/wp\/v2\/pages\/103\/revisions"}],"predecessor-version":[{"id":1139,"href":"https:\/\/theodestabeaux.com\/index.php?rest_route=\/wp\/v2\/pages\/103\/revisions\/1139"}],"wp:attachment":[{"href":"https:\/\/theodestabeaux.com\/index.php?rest_route=%2Fwp%2Fv2%2Fmedia&parent=103"}],"curies":[{"name":"wp","href":"https:\/\/api.w.org\/{rel}","templated":true}]}}